{"id":695,"date":"2023-06-12T13:49:22","date_gmt":"2023-06-12T13:49:22","guid":{"rendered":"https:\/\/thekeyofluxury.com\/?page_id=695"},"modified":"2023-06-12T14:00:22","modified_gmt":"2023-06-12T14:00:22","slug":"mesafeli-satis-sozlesmesi","status":"publish","type":"page","link":"https:\/\/thekeyofluxury.com\/tr\/mesafeli-satis-sozlesmesi\/","title":{"rendered":"Mesafeli Sat\u0131\u015f S\u00f6zle\u015fmesi"},"content":{"rendered":"\t\t<div data-elementor-type=\"wp-page\" data-elementor-id=\"695\" class=\"elementor elementor-695\">\n\t\t\t\t\t\t<div class=\"elementor-inner\">\n\t\t\t\t<div class=\"elementor-section-wrap\">\n\t\t\t\t\t\t\t\t\t<section class=\"elementor-section elementor-top-section elementor-element elementor-element-be35005 elementor-section-boxed elementor-section-height-default elementor-section-height-default\" data-id=\"be35005\" data-element_type=\"section\">\n\t\t\t\t\t\t<div class=\"elementor-container elementor-column-gap-default\">\n\t\t\t\t\t\t\t<div class=\"elementor-row\">\n\t\t\t\t\t<div class=\"elementor-column elementor-col-100 elementor-top-column elementor-element elementor-element-67c3f55\" data-id=\"67c3f55\" data-element_type=\"column\">\n\t\t\t<div class=\"elementor-column-wrap elementor-element-populated\">\n\t\t\t\t\t\t\t<div class=\"elementor-widget-wrap\">\n\t\t\t\t\t\t<div class=\"elementor-element elementor-element-76da147 elementor-widget elementor-widget-heading\" data-id=\"76da147\" data-element_type=\"widget\" data-widget_type=\"heading.default\">\n\t\t\t\t<div class=\"elementor-widget-container\">\n\t\t\t<h1 class=\"elementor-heading-title elementor-size-default\">Mesafeli Sat\u0131\u015f S\u00f6zle\u015fmesi<\/h1>\t\t<\/div>\n\t\t\t\t<\/div>\n\t\t\t\t<div class=\"elementor-element elementor-element-7228695 elementor-widget elementor-widget-text-editor\" data-id=\"7228695\" data-element_type=\"widget\" data-widget_type=\"text-editor.default\">\n\t\t\t\t<div class=\"elementor-widget-container\">\n\t\t\t\t\t\t\t\t<div class=\"elementor-text-editor elementor-clearfix\">\n\t\t\t\t<p><strong>Madde 1 : Sat\u0131c\u0131\/Arac\u0131 Bilgileri<\/strong><\/p><p>\u00dcnvan\u0131 : Kudgen Turizm Yat\u0131r\u0131mlar\u0131 LTD \u015eT\u0130<br \/>Adresi\u00a0\u00a0 : Halaskargazi Mh. Halaskargazi Cd. No:38 66E\/215 \u015ei\u015fli\/\u0130stanbul<br \/>Telefon : 0212 803 83 22<br \/>E-mail \u00a0:info@thekeyofluxury.com<br \/><br \/><\/p><p><strong>Madde 2 : T\u00fcketici Bilgileri<\/strong><\/p><p>Ad\u0131 Soyad\u0131:<br \/>TC Kimlik Numaras\u0131:<br \/>Adresi: \/<br \/>Telefon :<br \/>E-mail :<br \/>Kimlik bilgilerinin hatal\u0131 bildirilmesi nedeniyle meydana gelebilecek olumsuz neticelerden Sat\u0131c\u0131 sorumlu de\u011fildir.<\/p><p><strong>Madde 3 : Konu<\/strong><\/p><p>\u0130\u015fbu \u00d6n Bilgilendirme Formu&#8217;nun (&#8220;Form&#8221;) konusu a\u015fa\u011f\u0131da nitelik ve sat\u0131\u015f fiyat\u0131 belirtilen hizmetler (&#8220;\u00dcr\u00fcnler&#8221;) sat\u0131\u015f\u0131 ve teslimi ile ilgili olarak 6502 say\u0131l\u0131 T\u00fcketicinin Korunmas\u0131 Hakk\u0131nda Kanun ve 27.11.2014 tarih, 29188 say\u0131l\u0131 Resmi Gazete&#8217;de yay\u0131mlanan Mesafeli S\u00f6zle\u015fmeler Y\u00f6netmeli\u011fi h\u00fck\u00fcmleri gere\u011fince hak ve y\u00fck\u00fcml\u00fcl\u00fckler konusunda bilgilendirilmesidir.<\/p><p><strong>Madde 4 : Sat\u0131\u015fa Konu \u00dcr\u00fcnler\u2019in Temel \u00d6zellikleri ve \u00d6deme Bilgileri<\/strong><\/p><p>4.1. \u00dcr\u00fcnler&#8217;in tan\u0131m\u0131, birim tutar\u0131, adedi ve \u00f6deme ko\u015fullar\u0131na ili\u015fkin bilgiler a\u015fa\u011f\u0131da belirtildi\u011fi gibi olup, bu bilgiler T\u00fcketici taraf\u0131ndan da onaylanm\u0131\u015ft\u0131r.<\/p><p><strong>4.2. T\u00dcKET\u0130C\u0130\u2019nin taksitli \u00f6deme ( k\u0131smi \u00f6deme ) y\u00f6ntemini tercih etmesi halinde;<\/strong><\/p><p>4.2.1. Son \u00f6deme tarihine kadar \u00f6demesi tamamlanmayan rezervasyon iptal edilir.<\/p><p>4.2.2. Bakiye kapat\u0131l\u0131rken, \u00f6demenin yap\u0131laca\u011f\u0131 g\u00fcn\u00fcn \u00f6deme \u015fartlar\u0131 ge\u00e7erli olacakt\u0131r.<\/p><p>4.2.2. Bakiye kapat\u0131l\u0131rken, \u00f6demenin yap\u0131laca\u011f\u0131 g\u00fcn\u00fcn \u00f6deme \u015fartlar\u0131 ge\u00e7erli olacakt\u0131r.<\/p><p>4.2.3. Kredi kartlar\u0131 ile yap\u0131lan de\u011ferli puan i\u015flemlerinde iptal ve iade talepleri i\u015flem s\u0131ras\u0131nda iletilen banka kurallar\u0131 do\u011frultusunda ger\u00e7ekle\u015ftirilir.<\/p><p><strong>Madde 5 : Cayma Hakk\u0131\u00a0<\/strong>\u00a0<\/p><p>Mesafeli S\u00f6zle\u015fmeler Y\u00f6netmeli\u011fi\u2019nin 15. Maddesi uyar\u0131nca cayma hakk\u0131 kullan\u0131lamaz.<\/p><p><strong>Madde 6 : Genel H\u00fck\u00fcmler<\/strong><\/p><p>6.1 T\u00fcketici, i\u015fbu Form&#8217;da sat\u0131\u015fa konu \u00dcr\u00fcnler\u2019in temel nitelikleri, sat\u0131\u015f fiyat\u0131 ve \u00f6deme \u015fekli ile teslimata ili\u015fkin \u00f6n bilgileri okuyup bilgi sahibi oldu\u011funu ve yaz\u0131l\u0131 olarak gerekli teyidi verdi\u011fini beyan eder.<\/p><p>6.2 T\u00fcketici; i\u015fbu Form&#8217;u yaz\u0131l\u0131 olarak teyit etmekle, Sat\u0131c\u0131 taraf\u0131ndan T\u00fcketici\u2019ye verilmesi gereken adres, rezervasyonu yap\u0131lan hizmete ait temel \u00f6zellikler, \u00dcr\u00fcnler\u2019in vergiler dahil fiyat\u0131 ile \u00f6deme bilgilerini do\u011fru ve eksiksiz olarak edindi\u011fini teyit etmi\u015f olur.<\/p><p>6.3 Herhangi bir nedenle hizmet bedeli \u00f6denmez ve\/veya banka kay\u0131tlar\u0131nda iptal edilir ise, Sat\u0131c\u0131 \u00dcr\u00fcnler\u2019in ifa y\u00fck\u00fcml\u00fcl\u00fc\u011f\u00fcnden kurtulmu\u015f kabul edilir.\u00a0\u00a0<\/p><p><strong>Madde 7 : M\u00fccbir Sebep Halleri<\/strong><\/p><p>7.1. Kanunlarda yer alan m\u00fccbir sebep halleri, gerekli t\u00fcm \u00f6zeni g\u00f6stermi\u015f ve \u00f6nlemleri alm\u0131\u015f olmas\u0131na ra\u011fmen ola\u011fan\u00fcst\u00fc ve \u00f6ng\u00f6r\u00fclemez nitelikte olan olaylar y\u00fcz\u00fcnden ortaya \u00e7\u0131kan ve \u00dcr\u00fcnler\u2019in kullan\u0131m\u0131n\u0131n ba\u015flamas\u0131na, devam\u0131na veya sonlanmas\u0131na engel olu\u015fturan haller, Sat\u0131c\u0131\u2019n\u0131n ortaya \u00e7\u0131kan olay \u00fczerinde herhangi bir etkisinin olmad\u0131\u011f\u0131 haller Sat\u0131c\u0131 i\u00e7in m\u00fccbir sebep say\u0131l\u0131r. M\u00fccbir sebepler;<\/p><ol><li>a) Yer sars\u0131nt\u0131s\u0131, yang\u0131n, yanarda\u011f patlamas\u0131, sel, f\u0131rt\u0131na, kas\u0131rga, sis, \u00e7\u0131\u011f, y\u0131ld\u0131r\u0131m gibi ve bunlarla s\u0131n\u0131rl\u0131 olmaks\u0131z\u0131n do\u011fal afetler veya salg\u0131n hastal\u0131klar ile n\u00fckleer, kimyasal felaket veya serpintiler ve bunlarla s\u0131n\u0131rl\u0131 olmaks\u0131z\u0131n benzer durumlar ve olaylar ile ola\u011fan\u00fcst\u00fc haller,<\/li><li>b) T\u00fcrkiye\u2019de s\u0131n\u0131r kom\u015fular\u0131nda veya gidilecek \u00fclke\/\u015fehirde, s\u0131n\u0131r kap\u0131lar\u0131nda ve \/veya s\u0131n\u0131r kap\u0131s\u0131na kom\u015fu \u00fclkede, uluslararas\u0131 hava kara ve deniz ula\u015f\u0131m\u0131n\u0131 engelleyen ola\u011fan\u00fcst\u00fc hallerde, sava\u015f veya seferberlik halleri, halk ayaklanmalar\u0131, sald\u0131r\u0131 veya ter\u00f6r hareketleri, sabotajlar, isyanlar, i\u015fgal ve i\u00e7 sava\u015f, devrim, ayaklanma, zorla el koyma, askeri darbe veya y\u00f6netime zorla el konulmas\u0131, sivil karga\u015falar, end\u00fcstriyel anla\u015fmazl\u0131klar, h\u00fck\u00fcmet yapt\u0131r\u0131mlar\u0131, ambargo, grevler, lokavtlar, limanlar\u0131n kapal\u0131 veya dolu olmas\u0131 ve bunlarla s\u0131n\u0131rl\u0131 olmaks\u0131z\u0131n her t\u00fcrl\u00fc ola\u011fan\u00fcst\u00fc haller veya \u00e7al\u0131\u015fanlar\u0131 i\u015ften al\u0131koyabilecek haller,<\/li><li>c) T\u00fcketici veya birinci derecede akrabalar\u0131 i\u00e7in kanunlarda yer alan m\u00fccbir sebep halleri ile T\u00fcketici\u2019nin, S\u00f6zle\u015fme h\u00fck\u00fcmlerinden herhangi birinin yerine getirilmesine engel olacak derecedeki a\u011f\u0131r kaza, tedavi gerektiren a\u011f\u0131r hastal\u0131k, \u00f6l\u00fcm halleri.<\/li><\/ol><p>7.2. M\u00fccbir sebebin mevcut oldu\u011fu hallerde Sat\u0131c\u0131 S\u00f6zle\u015fme\u2019nin hi\u00e7 veya gere\u011fi gibi ifa edilmemesinden do\u011fan zararlardan sorumlu tutulamaz. Sat\u0131c\u0131 ile o yerdeki temsilcileri, T\u00fcketici\u2019nin zor durumda kalmas\u0131 halinde h\u0131zl\u0131 bir \u015fekilde yard\u0131mda bulunmakla y\u00fck\u00fcml\u00fcd\u00fcr.<\/p><p><strong>Madde 8: S\u00f6zle\u015fmeden D\u00f6nme, S\u00f6zle\u015fmenin \u0130ptali \u0130le Fesih \u015eartlar\u0131 Ve Sonu\u00e7lar\u0131<\/strong><\/p><p>8.1. \u00dcr\u00fcnler\u2019in kullan\u0131m\u0131na ba\u015flan\u0131lmas\u0131ndan \u00f6nce S\u00f6zle\u015fme\u2019nin esasl\u0131 unsurlar\u0131ndan birisinin de\u011fi\u015fmesi halinde T\u00fcketici bu de\u011fi\u015fikli\u011fi kabul edebilece\u011fi gibi, yap\u0131lan de\u011fi\u015fikli\u011fi kabul etmedi\u011fini Sat\u0131c\u0131\u2019ya yaz\u0131l\u0131 olarak ya da Kal\u0131c\u0131 Veri Saklay\u0131c\u0131s\u0131 ile bildirmek ko\u015fulu ile a\u015fa\u011f\u0131daki se\u00e7imlik haklardan birisini kullanabilir.<\/p><p>Herhangi bir bedel \u00f6demeksizin s\u00f6zle\u015fmeden d\u00f6nme<\/p><p>8.2. S\u00f6zle\u015fmeden d\u00f6n\u00fclmesi halinde, Sat\u0131c\u0131, s\u00f6zle\u015fmeden d\u00f6nme bildiriminin kendisine ula\u015ft\u0131\u011f\u0131 tarihten itibaren T\u00fcketici\u2019nin \u00f6demi\u015f oldu\u011fu t\u00fcm bedeli herhangi bir kesinti yapmaks\u0131z\u0131n en ge\u00e7 14 g\u00fcn i\u00e7inde T\u00fcketici\u2019ye iade etmekle y\u00fck\u00fcml\u00fcd\u00fcr.<\/p><p>8.3. T\u00fcketici\u2019 den kaynaklanmayan bir sebepten dolay\u0131 Sat\u0131c\u0131 taraf\u0131ndan konaklaman\u0131n ba\u015flamas\u0131ndan \u00f6nce konaklaman\u0131n iptal edilmesi halinde T\u00fcketici S\u00f6zle\u015fme\u2019nin 8.1. maddesinde belirtilen se\u00e7imlik haklar\u0131 kullanabilir.<\/p><p>8.4. Sat\u0131c\u0131\u2019n\u0131n \u00dcr\u00fcnler\u2019in kullan\u0131m\u0131na ba\u015flad\u0131ktan sonra \u00f6nemli bir y\u00fck\u00fcml\u00fcl\u00fc\u011f\u00fcn\u00fc yerine getirmedi\u011fi veya getiremeyece\u011fi tespit edilirse, konaklaman\u0131n devam etmesi i\u00e7in T\u00fcketici\u2019ye ilave maliyet getirmeyen e\u015fde\u011ferde alternatif d\u00fczenlemeler sunar ve T\u00fcketici\u2019ye teklif edilen hizmetlerle sunulan hizmetler aras\u0131ndaki fark\u0131 tazmin eder. T\u00fcketici alternatif d\u00fczenlemeyi kabul etmeyerek s\u00f6zle\u015fmeden d\u00f6nebilir. Bu halde Sat\u0131c\u0131\u2019n\u0131n \u00fccret talep etme hakk\u0131 sona erer ve yap\u0131lm\u0131\u015f olan \u00f6demeler S\u00f6zle\u015fme\u2019den d\u00f6n\u00fcld\u00fc\u011f\u00fc tarihten itibaren T\u00fcketici\u2019ye en ge\u00e7 14(ond\u00f6rt) g\u00fcn i\u00e7inde iade edilir. Ancak Sat\u0131c\u0131 o ana kadar ifa etmi\u015f oldu\u011fu edimler i\u00e7in T\u00fcketici\u2019den hizmetten faydaland\u0131\u011f\u0131 oranda uygun bir kar\u015f\u0131l\u0131k talep edebilir. Yine bu halde, Sat\u0131c\u0131, T\u00fcketici\u2019nin konaklamaya ba\u015flad\u0131\u011f\u0131 yere veya \u00fczerinde anla\u015f\u0131lan ba\u015fka bir yere \u00fccretsiz naklini sa\u011flamak ve zorunlu konaklama olmas\u0131 halinde yap\u0131lan giderleri kar\u015f\u0131lamakla y\u00fck\u00fcml\u00fcd\u00fcr.<\/p><p>8.5. T\u00fcketici\u2019nin, Sat\u0131c\u0131\u2019ya yaz\u0131l\u0131 olarak veya kal\u0131c\u0131 veri saklay\u0131c\u0131s\u0131 ile bildirmek kayd\u0131yla s\u00f6zle\u015fmeyi tek tarafl\u0131 fesih hakk\u0131 bulunmaktad\u0131r. Bu feshin paket turun ba\u015flamas\u0131ndan en az 30 g\u00fcn \u00f6nce bildirilmesi halinde; \u00f6denmesi zorunlu vergi, har\u00e7 ve benzeri yasal y\u00fck\u00fcml\u00fcl\u00fcklerden do\u011fan masraflar hari\u00e7 olmak \u00fczere, herhangi bir kesinti yap\u0131lmaks\u0131z\u0131n \u00f6denen bedel T\u00fcketici\u2019ye aynen iade edilir. Ancak bu feshin konaklaman\u0131n ba\u015flamas\u0131na 30 g\u00fcnden daha az bir s\u00fcre kala bildirilmesi halinde tur bedelinin tamam\u0131 tazminat olarak yans\u0131t\u0131l\u0131r.<\/p><p>8.6. T\u00fcketici, i\u015fbu S\u00f6zle\u015fme\u2019nin 7.1.c. maddesinde d\u00fczenlenen m\u00fccbir sebebin varl\u0131\u011f\u0131n\u0131 resmi kurumlardan al\u0131nacak ge\u00e7erli belge ile ispatlamak zorundad\u0131r. T\u00fcketici\u2019nin gerekli t\u00fcm \u00f6zeni g\u00f6stermesine ra\u011fmen \u00f6ng\u00f6remedi\u011fi ve engelleyemedi\u011fi bir durum veya bu maddede belirtilen m\u00fccbir sebep nedenleri ile paket turun ba\u015flamas\u0131na 30 g\u00fcnden daha az bir s\u00fcre kala, yaz\u0131l\u0131 veya kal\u0131c\u0131 veri saklay\u0131c\u0131s\u0131 ile fesih bildiriminde bulunmas\u0131 halinde \u00f6denmesi zorunlu vergi, har\u00e7 vb. yasal y\u00fck\u00fcml\u00fcl\u00fcklerden do\u011fan masraflar ile 3. ki\u015filere \u00f6denip belgelendirilebilen ve iadesi m\u00fcmk\u00fcn olmayan bedeller hari\u00e7 olmak \u00fczere, herhangi bir kesinti yap\u0131lmaks\u0131z\u0131n T\u00fcketici\u2019nin \u00f6demi\u015f oldu\u011fu bedel fesih bildiriminin Sat\u0131c\u0131\u2019 ya ula\u015fmas\u0131ndan itibaren 14 g\u00fcn i\u00e7inde T\u00fcketici\u2019ye iade edilir. Kredi kartlar\u0131 ile yap\u0131lan de\u011ferli puan i\u015flemlerinde iptal ve iade talepleri i\u015flem s\u0131ras\u0131nda iletilen banka kurallar\u0131 do\u011frultusunda ger\u00e7ekle\u015ftirilir.<\/p><p>8.7. \u0130\u015fbu S\u00f6zle\u015fme\u2019nin 8.1.c. maddesinde d\u00fczenlenen m\u00fccbir sebep hallerinin varl\u0131\u011f\u0131 halinde Sat\u0131c\u0131, konaklamn\u0131n devam\u0131 i\u00e7in her t\u00fcrl\u00fc tedbiri almas\u0131na kar\u015f\u0131n T\u00fcketici\u2019nin S\u00f6zle\u015fme\u2019yi feshetmesi halinde \u00f6denmesi zorunlu vergi, har\u00e7 ve benzeri yasal y\u00fck\u00fcml\u00fcl\u00fcklerden do\u011fan masraflar ile \u00fc\u00e7\u00fcnc\u00fc ki\u015filere \u00f6denip belgelendirilebilen ve iadesi m\u00fcmk\u00fcn olmayan bedeller hari\u00e7 olmak \u00fczere, herhangi bir kesinti yap\u0131lmaks\u0131z\u0131n T\u00fcketici\u2019nin \u00f6demi\u015f oldu\u011fu bedel Sat\u0131c\u0131 taraf\u0131ndan kendisine iade edilir.<\/p><p><strong>Madde 9 : \u0130ptal Ko\u015fullar\u0131<\/strong><\/p><p>\u0130ptal edilemez olarak belirtilen odalara ait sat\u0131\u015flar da hi\u00e7bir ko\u015ful ve \u015fartta iade yap\u0131lmaz ve iptal edilemez odalar i\u00e7in rezervasyon iptal g\u00fcvencesi ge\u00e7erli de\u011fildir.<\/p><p>De\u011fi\u015fikliklerinde, de\u011fi\u015fikli\u011fin yap\u0131laca\u011f\u0131 tarihteki g\u00fcncel \u015fartlar ve \u00fccretlendirme ge\u00e7erli olacakt\u0131r.<\/p><p>Bankalara ait kredi kartlar\u0131 ile yap\u0131lan puan i\u015flemlerinde iptal ve iade yap\u0131lamaz.<\/p><p><strong>Madde 10 : Yetkili Mahkeme<\/strong><\/p><p>Sat\u0131c\u0131 \u015fik\u00e2yet ve itirazlar\u0131 konusunda ba\u015fvurular\u0131n\u0131, T.C. Sanayi ve Ticaret Bakanl\u0131\u011f\u0131 taraf\u0131ndan her y\u0131l Aral\u0131k ay\u0131nda belirlenen parasal s\u0131n\u0131rlar d\u00e2hilinde mal veya hizmeti sat\u0131n ald\u0131\u011f\u0131 veya ikametg\u00e2h\u0131n\u0131n bulundu\u011fu yerdeki t\u00fcketici hakem heyetine veya t\u00fcketici mahkemesine yapabilir.<\/p><p><strong>Madde 11 : Son H\u00fck\u00fcmler<\/strong><\/p><p>11.1. Firma\u2019n\u0131n s\u00f6zle\u015fmeye k\u0131smen ya da tamamen uymamas\u0131 hallerinde \u00f6denecek tazminat\u0131n hesaplanmas\u0131nda T\u00fcrkiye Mahkemeleri h\u00fck\u00fcmleri esas al\u0131nacakt\u0131r.<\/p><p>11.2. \u0130\u015fbu \u00d6n Bilgilendirme Formu imzalanmas\u0131 \u00f6ncesinde a\u015fa\u011f\u0131daki hususlar hakk\u0131nda T\u00fcketici\u2019ye yaz\u0131l\u0131 olarak bilgi verilmi\u015ftir.<\/p><p>11.3. Taraflar aras\u0131nda 12 punto ve 11 ana madde iki n\u00fcsha olarak tanzim edilmi\u015f bulunan i\u015fbu \u00d6n Bilgilendirme Formu taraf yetkililerince t\u00fcm ekleri ile birlikte \u00f6nl\u00fc arkal\u0131 olarak tanzim edilmi\u015f okunmu\u015f, kontrol edilerek kabul edilmi\u015ftir. Taraflar kar\u015f\u0131l\u0131kl\u0131 kabul ettikleri, taahh\u00fct ve edinimlerini birlikte imza alt\u0131na alarak, kabul ve teyit etmi\u015flerdir.<\/p><p>\u0130\u015fbu \u00d6n Bilgilendirme Formu kendim ad\u0131na d\u00fczenlenmi\u015f, son hali taraf\u0131mdan okunup, kabul edilip onaylanm\u0131\u015ft\u0131r ve bir n\u00fcshas\u0131 taraf\u0131ma t\u00fcm ekleri ile birlikte yaz\u0131l\u0131 \/ kal\u0131c\u0131 veri saklay\u0131c\u0131 vas\u0131tas\u0131yla teslim edilmi\u015ftir. T\u00fcketicinin Korunmas\u0131 Hakk\u0131nda Kanun ve Paket Tur S\u00f6zle\u015fmeleri Y\u00f6netmeli\u011fi \u00e7er\u00e7evesinde i\u015fbu s\u00f6zle\u015fme konusu sat\u0131n ald\u0131\u011f\u0131 \u00dcr\u00fcnler kapsam\u0131nda, sunulan t\u00fcm hizmetleri ve niteliklerini, sat\u0131\u015f fiyat\u0131 ve \u00f6deme \u015fekil ile ifaya ili\u015fkin t\u00fcm \u00f6n bilgileri, okuyup bilgi sahibi oldu\u011fumu ve \u00d6n Bilgilendirme Formu\u2019nun i\u00e7eri\u011fini ve maddelerini okuyarak anlad\u0131\u011f\u0131m\u0131, bilgilendirildi\u011fimi kabul beyan ve taahh\u00fct ederim. \u00dcr\u00fcnler ile ilgili seyahat iptal g\u00fcvencesi yapt\u0131rtabilece\u011fim taraf\u0131ma beyan edilmi\u015ftir. Bu beyan\u0131m, rezervasyon i\u015flemlerimin, kendi yerime bir ba\u015fkas\u0131 taraf\u0131ndan y\u00fcr\u00fct\u00fclm\u00fc\u015f ve imzalanm\u0131\u015f olmas\u0131 halinde de ge\u00e7erlidir.<\/p>\t\t\t\t\t<\/div>\n\t\t\t\t\t\t<\/div>\n\t\t\t\t<\/div>\n\t\t\t\t\t\t<\/div>\n\t\t\t\t\t<\/div>\n\t\t<\/div>\n\t\t\t\t\t\t\t\t<\/div>\n\t\t\t\t\t<\/div>\n\t\t<\/section>\n\t\t\t\t\t\t\t\t\t<\/div>\n\t\t\t<\/div>\n\t\t\t\t\t<\/div>\n\t\t","protected":false},"excerpt":{"rendered":"<p>Mesafeli Sat\u0131\u015f S\u00f6zle\u015fmesi Madde 1 : Sat\u0131c\u0131\/Arac\u0131 Bilgileri \u00dcnvan\u0131 : Kudgen Turizm Yat\u0131r\u0131mlar\u0131 LTD \u015eT\u0130Adresi\u00a0\u00a0 : Halaskargazi Mh. Halaskargazi Cd. No:38 66E\/215 \u015ei\u015fli\/\u0130stanbulTelefon : 0212 803 83 22E-mail \u00a0:info@thekeyofluxury.com Madde 2 : T\u00fcketici Bilgileri Ad\u0131 Soyad\u0131:TC Kimlik Numaras\u0131:Adresi: \/Telefon :E-mail :Kimlik bilgilerinin hatal\u0131 bildirilmesi nedeniyle meydana gelebilecek olumsuz neticelerden Sat\u0131c\u0131 sorumlu de\u011fildir. Madde 3 : [&hellip;]<\/p>\n","protected":false},"author":1,"featured_media":0,"parent":0,"menu_order":0,"comment_status":"closed","ping_status":"closed","template":"elementor_header_footer","meta":{"footnotes":""},"class_list":["post-695","page","type-page","status-publish","hentry"],"_links":{"self":[{"href":"https:\/\/thekeyofluxury.com\/tr\/wp-json\/wp\/v2\/pages\/695","targetHints":{"allow":["GET"]}}],"collection":[{"href":"https:\/\/thekeyofluxury.com\/tr\/wp-json\/wp\/v2\/pages"}],"about":[{"href":"https:\/\/thekeyofluxury.com\/tr\/wp-json\/wp\/v2\/types\/page"}],"author":[{"embeddable":true,"href":"https:\/\/thekeyofluxury.com\/tr\/wp-json\/wp\/v2\/users\/1"}],"replies":[{"embeddable":true,"href":"https:\/\/thekeyofluxury.com\/tr\/wp-json\/wp\/v2\/comments?post=695"}],"version-history":[{"count":11,"href":"https:\/\/thekeyofluxury.com\/tr\/wp-json\/wp\/v2\/pages\/695\/revisions"}],"predecessor-version":[{"id":709,"href":"https:\/\/thekeyofluxury.com\/tr\/wp-json\/wp\/v2\/pages\/695\/revisions\/709"}],"wp:attachment":[{"href":"https:\/\/thekeyofluxury.com\/tr\/wp-json\/wp\/v2\/media?parent=695"}],"curies":[{"name":"wp","href":"https:\/\/api.w.org\/{rel}","templated":true}]}}